{"id":258,"date":"2024-11-07T00:12:17","date_gmt":"2024-11-07T00:12:17","guid":{"rendered":"https:\/\/alfonsonarvaez.com\/?page_id=258"},"modified":"2025-08-20T02:06:21","modified_gmt":"2025-08-20T02:06:21","slug":"industria","status":"publish","type":"page","link":"https:\/\/alfonsonarvaez.com\/index.php\/industria\/","title":{"rendered":"INDUSTRIA"},"content":{"rendered":"<h2>Industria<\/h2>\n<p>Potencia la imagen de tu empresa con fotograf\u00edas que reflejan innovaci\u00f3n, precisi\u00f3n y profesionalismo. <\/p>\n<p>  <img decoding=\"async\" src=\"https:\/\/alfonsonarvaez.com\/wp-content\/uploads\/2024\/10\/DSC1418-1024x680.jpg\" alt=\"\">  <\/p>\n<p>  <img decoding=\"async\" src=\"https:\/\/alfonsonarvaez.com\/wp-content\/uploads\/2024\/10\/windustraB_5-1024x768.jpg\" alt=\"\">  <\/p>\n<p>  <img decoding=\"async\" src=\"https:\/\/alfonsonarvaez.com\/wp-content\/uploads\/2024\/10\/windustraB_4-1024x683.jpg\" alt=\"\">  <\/p>\n<p>  <img decoding=\"async\" src=\"https:\/\/alfonsonarvaez.com\/wp-content\/uploads\/2024\/10\/windustraB_3-1024x684.jpg\" alt=\"\">  <\/p>\n<p>  <img decoding=\"async\" src=\"https:\/\/alfonsonarvaez.com\/wp-content\/uploads\/2024\/10\/windustraB_2-1024x683.jpg\" alt=\"\">  <\/p>\n<p>  <img decoding=\"async\" src=\"https:\/\/alfonsonarvaez.com\/wp-content\/uploads\/2024\/10\/Paneles_IEnova_01_low-1024x575.jpg\" alt=\"\">  <\/p>\n<p>  <img decoding=\"async\" src=\"https:\/\/alfonsonarvaez.com\/wp-content\/uploads\/2024\/10\/IEnova_Industria_04_low-1024x684.jpg\" alt=\"\">  <\/p>\n<p>  <img decoding=\"async\" src=\"https:\/\/alfonsonarvaez.com\/wp-content\/uploads\/2024\/10\/IEnova_Industria_03_low-1024x684.jpg\" alt=\"\">  <\/p>\n<p>  <img decoding=\"async\" src=\"https:\/\/alfonsonarvaez.com\/wp-content\/uploads\/2024\/10\/IEnova_Industria_02_low-1024x684.jpg\" alt=\"\">  <\/p>\n<p>  <img decoding=\"async\" src=\"https:\/\/alfonsonarvaez.com\/wp-content\/uploads\/2024\/10\/IEnova_Industria_01_Low-1024x684.jpg\" alt=\"\">  <\/p>\n<p>  <img decoding=\"async\" src=\"https:\/\/alfonsonarvaez.com\/wp-content\/uploads\/2024\/10\/DSC_4554-1024x684.jpg\" alt=\"\">  <\/p>\n<p>  <img decoding=\"async\" src=\"https:\/\/alfonsonarvaez.com\/wp-content\/uploads\/2024\/10\/DSC_4543-1024x899.jpg\" alt=\"\">  <\/p>\n<p>  <img decoding=\"async\" src=\"https:\/\/alfonsonarvaez.com\/wp-content\/uploads\/2024\/10\/ANF_4510-1024x684.jpg\" alt=\"\">  <\/p>\n<p>  <img decoding=\"async\" src=\"https:\/\/alfonsonarvaez.com\/wp-content\/uploads\/2024\/10\/ANF_4360-1024x684.jpg\" alt=\"\">  <\/p>\n<p>  <img decoding=\"async\" src=\"https:\/\/alfonsonarvaez.com\/wp-content\/uploads\/2024\/10\/ANF_4356-1024x684.jpg\" alt=\"\">  <\/p>\n<p>  <img decoding=\"async\" src=\"https:\/\/alfonsonarvaez.com\/wp-content\/uploads\/2024\/10\/ANF_4321-1024x684.jpg\" alt=\"\">  <\/p>\n<p>  <img decoding=\"async\" src=\"https:\/\/alfonsonarvaez.com\/wp-content\/uploads\/2024\/10\/ANF_4316-684x1024.jpg\" alt=\"\">  <\/p>\n<p>  <img decoding=\"async\" src=\"https:\/\/alfonsonarvaez.com\/wp-content\/uploads\/2024\/10\/ANF_4312-1024x684.jpg\" alt=\"\">  <\/p>\n<p>  <img decoding=\"async\" src=\"https:\/\/alfonsonarvaez.com\/wp-content\/uploads\/2024\/10\/ANF_4273-1024x684.jpg\" alt=\"\">  <\/p>\n<p>  <img decoding=\"async\" src=\"https:\/\/alfonsonarvaez.com\/wp-content\/uploads\/2024\/10\/DSC1481-1024x680.jpg\" alt=\"\">  <\/p>\n<p>  <img decoding=\"async\" src=\"https:\/\/alfonsonarvaez.com\/wp-content\/uploads\/2024\/10\/DSC1469-1024x680.jpg\" alt=\"\">  <\/p>\n<p>  <img decoding=\"async\" src=\"https:\/\/alfonsonarvaez.com\/wp-content\/uploads\/2024\/10\/DSC1458-1024x680.jpg\" alt=\"\">  <\/p>\n<p>  <img decoding=\"async\" src=\"https:\/\/alfonsonarvaez.com\/wp-content\/uploads\/2024\/10\/DSC1455-1024x680.jpg\" alt=\"\">  <\/p>\n<p>  <img decoding=\"async\" src=\"https:\/\/alfonsonarvaez.com\/wp-content\/uploads\/2024\/10\/DSC1453-1024x680.jpg\" alt=\"\">  <\/p>\n<p>  <img decoding=\"async\" src=\"https:\/\/alfonsonarvaez.com\/wp-content\/uploads\/2024\/10\/DSC1452-1024x680.jpg\" alt=\"\">  <\/p>\n<p>  <img decoding=\"async\" src=\"https:\/\/alfonsonarvaez.com\/wp-content\/uploads\/2024\/10\/DSC1444-1024x680.jpg\" alt=\"\">  <\/p>\n<p>  <img decoding=\"async\" src=\"https:\/\/alfonsonarvaez.com\/wp-content\/uploads\/2024\/10\/DSC1431-1024x680.jpg\" alt=\"\">  <\/p>\n<p>  <img decoding=\"async\" src=\"https:\/\/alfonsonarvaez.com\/wp-content\/uploads\/2024\/10\/DSC1423.jpg\" alt=\"\"><\/p>\n","protected":false},"excerpt":{"rendered":"<p>Industria Potencia la imagen de tu empresa con fotograf\u00edas que reflejan innovaci\u00f3n, precisi\u00f3n y profesionalismo.<\/p>\n","protected":false},"author":1,"featured_media":0,"parent":0,"menu_order":0,"comment_status":"closed","ping_status":"closed","template":"","meta":{"_breakdance_hide_in_design_set":false,"_breakdance_tags":"","footnotes":""},"class_list":["post-258","page","type-page","status-publish","hentry"],"_links":{"self":[{"href":"https:\/\/alfonsonarvaez.com\/index.php\/wp-json\/wp\/v2\/pages\/258","targetHints":{"allow":["GET"]}}],"collection":[{"href":"https:\/\/alfonsonarvaez.com\/index.php\/wp-json\/wp\/v2\/pages"}],"about":[{"href":"https:\/\/alfonsonarvaez.com\/index.php\/wp-json\/wp\/v2\/types\/page"}],"author":[{"embeddable":true,"href":"https:\/\/alfonsonarvaez.com\/index.php\/wp-json\/wp\/v2\/users\/1"}],"replies":[{"embeddable":true,"href":"https:\/\/alfonsonarvaez.com\/index.php\/wp-json\/wp\/v2\/comments?post=258"}],"version-history":[{"count":6,"href":"https:\/\/alfonsonarvaez.com\/index.php\/wp-json\/wp\/v2\/pages\/258\/revisions"}],"predecessor-version":[{"id":344,"href":"https:\/\/alfonsonarvaez.com\/index.php\/wp-json\/wp\/v2\/pages\/258\/revisions\/344"}],"wp:attachment":[{"href":"https:\/\/alfonsonarvaez.com\/index.php\/wp-json\/wp\/v2\/media?parent=258"}],"curies":[{"name":"wp","href":"https:\/\/api.w.org\/{rel}","templated":true}]}}